{"id":2718,"date":"2021-03-25T15:51:36","date_gmt":"2021-03-25T13:51:36","guid":{"rendered":"http:\/\/matu-design.com\/elementor-2713-eng\/"},"modified":"2021-03-25T15:54:30","modified_gmt":"2021-03-25T13:54:30","slug":"elementor-2713-eng","status":"publish","type":"page","link":"https:\/\/matu-design.com\/en\/elementor-2713-eng\/","title":{"rendered":"Elementor #2713 ENG"},"content":{"rendered":"\t\t<div data-elementor-type=\"wp-page\" data-elementor-id=\"2718\" class=\"elementor elementor-2718\">\n\t\t\t\t\t\t<section class=\"elementor-section elementor-top-section elementor-element elementor-element-ece545f elementor-section-boxed elementor-section-height-default elementor-section-height-default\" data-id=\"ece545f\" data-element_type=\"section\" data-settings=\"{&quot;jet_parallax_layout_list&quot;:[{&quot;jet_parallax_layout_image&quot;:{&quot;url&quot;:&quot;&quot;,&quot;id&quot;:&quot;&quot;,&quot;size&quot;:&quot;&quot;},&quot;_id&quot;:&quot;c538a56&quot;,&quot;jet_parallax_layout_image_tablet&quot;:{&quot;url&quot;:&quot;&quot;,&quot;id&quot;:&quot;&quot;,&quot;size&quot;:&quot;&quot;},&quot;jet_parallax_layout_image_mobile&quot;:{&quot;url&quot;:&quot;&quot;,&quot;id&quot;:&quot;&quot;,&quot;size&quot;:&quot;&quot;},&quot;jet_parallax_layout_speed&quot;:{&quot;unit&quot;:&quot;%&quot;,&quot;size&quot;:50,&quot;sizes&quot;:[]},&quot;jet_parallax_layout_type&quot;:&quot;scroll&quot;,&quot;jet_parallax_layout_direction&quot;:null,&quot;jet_parallax_layout_fx_direction&quot;:null,&quot;jet_parallax_layout_z_index&quot;:&quot;&quot;,&quot;jet_parallax_layout_bg_x&quot;:50,&quot;jet_parallax_layout_bg_x_tablet&quot;:&quot;&quot;,&quot;jet_parallax_layout_bg_x_mobile&quot;:&quot;&quot;,&quot;jet_parallax_layout_bg_y&quot;:50,&quot;jet_parallax_layout_bg_y_tablet&quot;:&quot;&quot;,&quot;jet_parallax_layout_bg_y_mobile&quot;:&quot;&quot;,&quot;jet_parallax_layout_bg_size&quot;:&quot;auto&quot;,&quot;jet_parallax_layout_bg_size_tablet&quot;:&quot;&quot;,&quot;jet_parallax_layout_bg_size_mobile&quot;:&quot;&quot;,&quot;jet_parallax_layout_animation_prop&quot;:&quot;transform&quot;,&quot;jet_parallax_layout_on&quot;:[&quot;desktop&quot;,&quot;tablet&quot;]}]}\">\n\t\t\t\t\t\t<div class=\"elementor-container elementor-column-gap-default\">\n\t\t\t\t\t<div class=\"elementor-column elementor-col-100 elementor-top-column elementor-element elementor-element-e5dad99\" data-id=\"e5dad99\" data-element_type=\"column\">\n\t\t\t<div class=\"elementor-widget-wrap elementor-element-populated\">\n\t\t\t\t\t\t<div class=\"elementor-element elementor-element-2cc4a01 elementor-widget elementor-widget-image\" data-id=\"2cc4a01\" data-element_type=\"widget\" data-widget_type=\"image.default\">\n\t\t\t\t<div class=\"elementor-widget-container\">\n\t\t\t\t\t\t\t\t\t\t\t\t\t<img fetchpriority=\"high\" decoding=\"async\" width=\"300\" height=\"200\" src=\"https:\/\/matu-design.com\/wp-content\/uploads\/2016\/09\/Cubrook_TuyYo_galerie-gif.gif\" class=\"attachment-large size-large wp-image-2169\" alt=\"\" \/>\t\t\t\t\t\t\t\t\t\t\t\t\t<\/div>\n\t\t\t\t<\/div>\n\t\t\t\t\t<\/div>\n\t\t<\/div>\n\t\t\t\t\t<\/div>\n\t\t<\/section>\n\t\t\t\t<section class=\"elementor-section elementor-top-section elementor-element elementor-element-9da42db elementor-section-boxed elementor-section-height-default elementor-section-height-default\" data-id=\"9da42db\" data-element_type=\"section\" data-settings=\"{&quot;jet_parallax_layout_list&quot;:[{&quot;jet_parallax_layout_image&quot;:{&quot;url&quot;:&quot;&quot;,&quot;id&quot;:&quot;&quot;,&quot;size&quot;:&quot;&quot;},&quot;_id&quot;:&quot;3badb65&quot;,&quot;jet_parallax_layout_image_tablet&quot;:{&quot;url&quot;:&quot;&quot;,&quot;id&quot;:&quot;&quot;,&quot;size&quot;:&quot;&quot;},&quot;jet_parallax_layout_image_mobile&quot;:{&quot;url&quot;:&quot;&quot;,&quot;id&quot;:&quot;&quot;,&quot;size&quot;:&quot;&quot;},&quot;jet_parallax_layout_speed&quot;:{&quot;unit&quot;:&quot;%&quot;,&quot;size&quot;:50,&quot;sizes&quot;:[]},&quot;jet_parallax_layout_type&quot;:&quot;scroll&quot;,&quot;jet_parallax_layout_direction&quot;:null,&quot;jet_parallax_layout_fx_direction&quot;:null,&quot;jet_parallax_layout_z_index&quot;:&quot;&quot;,&quot;jet_parallax_layout_bg_x&quot;:50,&quot;jet_parallax_layout_bg_x_tablet&quot;:&quot;&quot;,&quot;jet_parallax_layout_bg_x_mobile&quot;:&quot;&quot;,&quot;jet_parallax_layout_bg_y&quot;:50,&quot;jet_parallax_layout_bg_y_tablet&quot;:&quot;&quot;,&quot;jet_parallax_layout_bg_y_mobile&quot;:&quot;&quot;,&quot;jet_parallax_layout_bg_size&quot;:&quot;auto&quot;,&quot;jet_parallax_layout_bg_size_tablet&quot;:&quot;&quot;,&quot;jet_parallax_layout_bg_size_mobile&quot;:&quot;&quot;,&quot;jet_parallax_layout_animation_prop&quot;:&quot;transform&quot;,&quot;jet_parallax_layout_on&quot;:[&quot;desktop&quot;,&quot;tablet&quot;]}]}\">\n\t\t\t\t\t\t<div class=\"elementor-container elementor-column-gap-default\">\n\t\t\t\t\t<div class=\"elementor-column elementor-col-100 elementor-top-column elementor-element elementor-element-6b6d319\" data-id=\"6b6d319\" data-element_type=\"column\">\n\t\t\t<div class=\"elementor-widget-wrap elementor-element-populated\">\n\t\t\t\t\t\t<div class=\"elementor-element elementor-element-687d307 elementor-widget elementor-widget-heading\" data-id=\"687d307\" data-element_type=\"widget\" data-widget_type=\"heading.default\">\n\t\t\t\t<div class=\"elementor-widget-container\">\n\t\t\t<h2 class=\"elementor-heading-title elementor-size-default\">tests WPML<\/h2>\t\t<\/div>\n\t\t\t\t<\/div>\n\t\t\t\t\t<\/div>\n\t\t<\/div>\n\t\t\t\t\t<\/div>\n\t\t<\/section>\n\t\t\t\t<\/div>\n\t\t","protected":false},"excerpt":{"rendered":"<p>tests WPML<\/p>\n","protected":false},"author":1,"featured_media":0,"parent":0,"menu_order":0,"comment_status":"closed","ping_status":"closed","template":"","meta":{"_acf_changed":false,"footnotes":""},"class_list":["post-2718","page","type-page","status-publish","hentry"],"acf":[],"yoast_head":"<!-- This site is optimized with the Yoast SEO plugin v23.8 - https:\/\/yoast.com\/wordpress\/plugins\/seo\/ -->\n<title>Elementor #2713 ENG - Matu Design<\/title>\n<meta name=\"robots\" content=\"index, follow, max-snippet:-1, max-image-preview:large, max-video-preview:-1\" \/>\n<link rel=\"canonical\" href=\"https:\/\/matu-design.com\/en\/elementor-2713-eng\/\" \/>\n<meta property=\"og:locale\" content=\"en_US\" \/>\n<meta property=\"og:type\" content=\"article\" \/>\n<meta property=\"og:title\" content=\"Elementor #2713 ENG - Matu Design\" \/>\n<meta property=\"og:description\" content=\"tests WPML\" \/>\n<meta property=\"og:url\" content=\"https:\/\/matu-design.com\/en\/elementor-2713-eng\/\" \/>\n<meta property=\"og:site_name\" content=\"Matu Design\" \/>\n<meta property=\"article:modified_time\" content=\"2021-03-25T13:54:30+00:00\" \/>\n<meta property=\"og:image\" content=\"http:\/\/matu-design.com\/wp-content\/uploads\/2016\/09\/Cubrook_TuyYo_galerie-gif.gif\" \/>\n<meta name=\"twitter:card\" content=\"summary_large_image\" \/>\n<script type=\"application\/ld+json\" class=\"yoast-schema-graph\">{\"@context\":\"https:\/\/schema.org\",\"@graph\":[{\"@type\":\"WebPage\",\"@id\":\"https:\/\/matu-design.com\/en\/elementor-2713-eng\/\",\"url\":\"https:\/\/matu-design.com\/en\/elementor-2713-eng\/\",\"name\":\"Elementor #2713 ENG - Matu Design\",\"isPartOf\":{\"@id\":\"http:\/\/matu-design.com\/en\/#website\"},\"primaryImageOfPage\":{\"@id\":\"https:\/\/matu-design.com\/en\/elementor-2713-eng\/#primaryimage\"},\"image\":{\"@id\":\"https:\/\/matu-design.com\/en\/elementor-2713-eng\/#primaryimage\"},\"thumbnailUrl\":\"http:\/\/matu-design.com\/wp-content\/uploads\/2016\/09\/Cubrook_TuyYo_galerie-gif.gif\",\"datePublished\":\"2021-03-25T13:51:36+00:00\",\"dateModified\":\"2021-03-25T13:54:30+00:00\",\"breadcrumb\":{\"@id\":\"https:\/\/matu-design.com\/en\/elementor-2713-eng\/#breadcrumb\"},\"inLanguage\":\"en-US\",\"potentialAction\":[{\"@type\":\"ReadAction\",\"target\":[\"https:\/\/matu-design.com\/en\/elementor-2713-eng\/\"]}]},{\"@type\":\"ImageObject\",\"inLanguage\":\"en-US\",\"@id\":\"https:\/\/matu-design.com\/en\/elementor-2713-eng\/#primaryimage\",\"url\":\"http:\/\/matu-design.com\/wp-content\/uploads\/2016\/09\/Cubrook_TuyYo_galerie-gif.gif\",\"contentUrl\":\"http:\/\/matu-design.com\/wp-content\/uploads\/2016\/09\/Cubrook_TuyYo_galerie-gif.gif\"},{\"@type\":\"BreadcrumbList\",\"@id\":\"https:\/\/matu-design.com\/en\/elementor-2713-eng\/#breadcrumb\",\"itemListElement\":[{\"@type\":\"ListItem\",\"position\":1,\"name\":\"Accueil\",\"item\":\"https:\/\/matu-design.com\/en\/\"},{\"@type\":\"ListItem\",\"position\":2,\"name\":\"Elementor #2713 ENG\"}]},{\"@type\":\"WebSite\",\"@id\":\"http:\/\/matu-design.com\/en\/#website\",\"url\":\"http:\/\/matu-design.com\/en\/\",\"name\":\"Matu Design\",\"description\":\"Matu - Freelance Art Director, Graphic &amp; Motion Designer\",\"alternateName\":\"Matu, directrice artistique, graphic & motion designer freelance fran\u00e7aise bas\u00e9e \u00e0 Barcelone\",\"potentialAction\":[{\"@type\":\"SearchAction\",\"target\":{\"@type\":\"EntryPoint\",\"urlTemplate\":\"http:\/\/matu-design.com\/en\/?s={search_term_string}\"},\"query-input\":{\"@type\":\"PropertyValueSpecification\",\"valueRequired\":true,\"valueName\":\"search_term_string\"}}],\"inLanguage\":\"en-US\"}]}<\/script>\n<!-- \/ Yoast SEO plugin. -->","yoast_head_json":{"title":"Elementor #2713 ENG - Matu Design","robots":{"index":"index","follow":"follow","max-snippet":"max-snippet:-1","max-image-preview":"max-image-preview:large","max-video-preview":"max-video-preview:-1"},"canonical":"https:\/\/matu-design.com\/en\/elementor-2713-eng\/","og_locale":"en_US","og_type":"article","og_title":"Elementor #2713 ENG - Matu Design","og_description":"tests WPML","og_url":"https:\/\/matu-design.com\/en\/elementor-2713-eng\/","og_site_name":"Matu Design","article_modified_time":"2021-03-25T13:54:30+00:00","og_image":[{"url":"http:\/\/matu-design.com\/wp-content\/uploads\/2016\/09\/Cubrook_TuyYo_galerie-gif.gif"}],"twitter_card":"summary_large_image","schema":{"@context":"https:\/\/schema.org","@graph":[{"@type":"WebPage","@id":"https:\/\/matu-design.com\/en\/elementor-2713-eng\/","url":"https:\/\/matu-design.com\/en\/elementor-2713-eng\/","name":"Elementor #2713 ENG - Matu Design","isPartOf":{"@id":"http:\/\/matu-design.com\/en\/#website"},"primaryImageOfPage":{"@id":"https:\/\/matu-design.com\/en\/elementor-2713-eng\/#primaryimage"},"image":{"@id":"https:\/\/matu-design.com\/en\/elementor-2713-eng\/#primaryimage"},"thumbnailUrl":"http:\/\/matu-design.com\/wp-content\/uploads\/2016\/09\/Cubrook_TuyYo_galerie-gif.gif","datePublished":"2021-03-25T13:51:36+00:00","dateModified":"2021-03-25T13:54:30+00:00","breadcrumb":{"@id":"https:\/\/matu-design.com\/en\/elementor-2713-eng\/#breadcrumb"},"inLanguage":"en-US","potentialAction":[{"@type":"ReadAction","target":["https:\/\/matu-design.com\/en\/elementor-2713-eng\/"]}]},{"@type":"ImageObject","inLanguage":"en-US","@id":"https:\/\/matu-design.com\/en\/elementor-2713-eng\/#primaryimage","url":"http:\/\/matu-design.com\/wp-content\/uploads\/2016\/09\/Cubrook_TuyYo_galerie-gif.gif","contentUrl":"http:\/\/matu-design.com\/wp-content\/uploads\/2016\/09\/Cubrook_TuyYo_galerie-gif.gif"},{"@type":"BreadcrumbList","@id":"https:\/\/matu-design.com\/en\/elementor-2713-eng\/#breadcrumb","itemListElement":[{"@type":"ListItem","position":1,"name":"Accueil","item":"https:\/\/matu-design.com\/en\/"},{"@type":"ListItem","position":2,"name":"Elementor #2713 ENG"}]},{"@type":"WebSite","@id":"http:\/\/matu-design.com\/en\/#website","url":"http:\/\/matu-design.com\/en\/","name":"Matu Design","description":"Matu - Freelance Art Director, Graphic &amp; Motion Designer","alternateName":"Matu, directrice artistique, graphic & motion designer freelance fran\u00e7aise bas\u00e9e \u00e0 Barcelone","potentialAction":[{"@type":"SearchAction","target":{"@type":"EntryPoint","urlTemplate":"http:\/\/matu-design.com\/en\/?s={search_term_string}"},"query-input":{"@type":"PropertyValueSpecification","valueRequired":true,"valueName":"search_term_string"}}],"inLanguage":"en-US"}]}},"_links":{"self":[{"href":"https:\/\/matu-design.com\/en\/wp-json\/wp\/v2\/pages\/2718"}],"collection":[{"href":"https:\/\/matu-design.com\/en\/wp-json\/wp\/v2\/pages"}],"about":[{"href":"https:\/\/matu-design.com\/en\/wp-json\/wp\/v2\/types\/page"}],"author":[{"embeddable":true,"href":"https:\/\/matu-design.com\/en\/wp-json\/wp\/v2\/users\/1"}],"replies":[{"embeddable":true,"href":"https:\/\/matu-design.com\/en\/wp-json\/wp\/v2\/comments?post=2718"}],"version-history":[{"count":1,"href":"https:\/\/matu-design.com\/en\/wp-json\/wp\/v2\/pages\/2718\/revisions"}],"predecessor-version":[{"id":2719,"href":"https:\/\/matu-design.com\/en\/wp-json\/wp\/v2\/pages\/2718\/revisions\/2719"}],"wp:attachment":[{"href":"https:\/\/matu-design.com\/en\/wp-json\/wp\/v2\/media?parent=2718"}],"curies":[{"name":"wp","href":"https:\/\/api.w.org\/{rel}","templated":true}]}}