{"id":1485,"date":"2019-08-09T17:31:09","date_gmt":"2019-08-09T16:31:09","guid":{"rendered":"http:\/\/matu-design.com\/coming-soon\/"},"modified":"2019-09-04T16:47:15","modified_gmt":"2019-09-04T15:47:15","slug":"coming-soon","status":"publish","type":"page","link":"https:\/\/matu-design.com\/es\/coming-soon\/","title":{"rendered":"Coming Soon"},"content":{"rendered":"\t\t<div data-elementor-type=\"wp-post\" data-elementor-id=\"1485\" class=\"elementor elementor-1485 elementor-1047\">\n\t\t\t\t\t\t<section class=\"elementor-section elementor-top-section elementor-element elementor-element-30c79e68 elementor-section-boxed elementor-section-height-default elementor-section-height-default\" data-id=\"30c79e68\" data-element_type=\"section\" data-settings=\"{&quot;jet_parallax_layout_list&quot;:[{&quot;jet_parallax_layout_image&quot;:{&quot;url&quot;:&quot;&quot;,&quot;id&quot;:&quot;&quot;,&quot;size&quot;:&quot;&quot;},&quot;_id&quot;:&quot;ce91bcd&quot;,&quot;jet_parallax_layout_image_tablet&quot;:{&quot;url&quot;:&quot;&quot;,&quot;id&quot;:&quot;&quot;,&quot;size&quot;:&quot;&quot;},&quot;jet_parallax_layout_image_mobile&quot;:{&quot;url&quot;:&quot;&quot;,&quot;id&quot;:&quot;&quot;,&quot;size&quot;:&quot;&quot;},&quot;jet_parallax_layout_speed&quot;:{&quot;unit&quot;:&quot;%&quot;,&quot;size&quot;:50,&quot;sizes&quot;:[]},&quot;jet_parallax_layout_type&quot;:&quot;scroll&quot;,&quot;jet_parallax_layout_z_index&quot;:&quot;&quot;,&quot;jet_parallax_layout_bg_x&quot;:50,&quot;jet_parallax_layout_bg_y&quot;:50,&quot;jet_parallax_layout_bg_size&quot;:&quot;auto&quot;,&quot;jet_parallax_layout_animation_prop&quot;:&quot;transform&quot;,&quot;jet_parallax_layout_on&quot;:[&quot;desktop&quot;,&quot;tablet&quot;],&quot;jet_parallax_layout_direction&quot;:null,&quot;jet_parallax_layout_fx_direction&quot;:null,&quot;jet_parallax_layout_bg_x_tablet&quot;:&quot;&quot;,&quot;jet_parallax_layout_bg_x_mobile&quot;:&quot;&quot;,&quot;jet_parallax_layout_bg_y_tablet&quot;:&quot;&quot;,&quot;jet_parallax_layout_bg_y_mobile&quot;:&quot;&quot;,&quot;jet_parallax_layout_bg_size_tablet&quot;:&quot;&quot;,&quot;jet_parallax_layout_bg_size_mobile&quot;:&quot;&quot;}]}\">\n\t\t\t\t\t\t<div class=\"elementor-container elementor-column-gap-default\">\n\t\t\t\t\t<div class=\"elementor-column elementor-col-100 elementor-top-column elementor-element elementor-element-7f8cd733\" data-id=\"7f8cd733\" data-element_type=\"column\">\n\t\t\t<div class=\"elementor-widget-wrap elementor-element-populated\">\n\t\t\t\t\t\t<div class=\"elementor-element elementor-element-19dbf0a7 elementor-widget elementor-widget-text-editor\" data-id=\"19dbf0a7\" data-element_type=\"widget\" data-widget_type=\"text-editor.default\">\n\t\t\t\t<div class=\"elementor-widget-container\">\n\t\t\t\t\t\t\t<h1>Coming Back Soon!<\/h1>\n<h3>contact@matu-design.com<\/h3>\n\t\t\t\t\t\t<\/div>\n\t\t\t\t<\/div>\n\t\t\t\t\t<\/div>\n\t\t<\/div>\n\t\t\t\t\t<\/div>\n\t\t<\/section>\n\t\t\t\t<\/div>\n\t\t","protected":false},"excerpt":{"rendered":"<p>Coming Back Soon! contact@matu-design.com<\/p>\n","protected":false},"author":1,"featured_media":0,"parent":0,"menu_order":0,"comment_status":"closed","ping_status":"closed","template":"elementor_header_footer","meta":{"_acf_changed":false,"footnotes":""},"class_list":["post-1485","page","type-page","status-publish","hentry"],"acf":[],"yoast_head":"<!-- This site is optimized with the Yoast SEO plugin v23.8 - https:\/\/yoast.com\/wordpress\/plugins\/seo\/ -->\n<title>Coming Soon - Matu Design<\/title>\n<meta name=\"robots\" content=\"index, follow, max-snippet:-1, max-image-preview:large, max-video-preview:-1\" \/>\n<link rel=\"canonical\" href=\"https:\/\/matu-design.com\/es\/coming-soon\/\" \/>\n<meta property=\"og:locale\" content=\"es_ES\" \/>\n<meta property=\"og:type\" content=\"article\" \/>\n<meta property=\"og:title\" content=\"Coming Soon - Matu Design\" \/>\n<meta property=\"og:description\" content=\"Coming Back Soon! contact@matu-design.com\" \/>\n<meta property=\"og:url\" content=\"https:\/\/matu-design.com\/es\/coming-soon\/\" \/>\n<meta property=\"og:site_name\" content=\"Matu Design\" \/>\n<meta property=\"article:modified_time\" content=\"2019-09-04T15:47:15+00:00\" \/>\n<meta property=\"og:image\" content=\"https:\/\/matu-design.com\/wp-content\/uploads\/2019\/09\/M_512x512.jpg\" \/>\n\t<meta property=\"og:image:width\" content=\"512\" \/>\n\t<meta property=\"og:image:height\" content=\"512\" \/>\n\t<meta property=\"og:image:type\" content=\"image\/jpeg\" \/>\n<meta name=\"twitter:card\" content=\"summary_large_image\" \/>\n<script type=\"application\/ld+json\" class=\"yoast-schema-graph\">{\"@context\":\"https:\/\/schema.org\",\"@graph\":[{\"@type\":\"WebPage\",\"@id\":\"https:\/\/matu-design.com\/es\/coming-soon\/\",\"url\":\"https:\/\/matu-design.com\/es\/coming-soon\/\",\"name\":\"Coming Soon - Matu Design\",\"isPartOf\":{\"@id\":\"http:\/\/matu-design.com\/es\/#website\"},\"datePublished\":\"2019-08-09T16:31:09+00:00\",\"dateModified\":\"2019-09-04T15:47:15+00:00\",\"breadcrumb\":{\"@id\":\"https:\/\/matu-design.com\/es\/coming-soon\/#breadcrumb\"},\"inLanguage\":\"es\",\"potentialAction\":[{\"@type\":\"ReadAction\",\"target\":[\"https:\/\/matu-design.com\/es\/coming-soon\/\"]}]},{\"@type\":\"BreadcrumbList\",\"@id\":\"https:\/\/matu-design.com\/es\/coming-soon\/#breadcrumb\",\"itemListElement\":[{\"@type\":\"ListItem\",\"position\":1,\"name\":\"Accueil\",\"item\":\"https:\/\/matu-design.com\/es\/inicio\/\"},{\"@type\":\"ListItem\",\"position\":2,\"name\":\"Coming Soon\"}]},{\"@type\":\"WebSite\",\"@id\":\"http:\/\/matu-design.com\/es\/#website\",\"url\":\"http:\/\/matu-design.com\/es\/\",\"name\":\"Matu Design\",\"description\":\"Matu - Art Director, Graphic &amp; Motion Designer\",\"alternateName\":\"Matu, directrice artistique, graphic & motion designer freelance fran\u00e7aise bas\u00e9e \u00e0 Barcelone\",\"potentialAction\":[{\"@type\":\"SearchAction\",\"target\":{\"@type\":\"EntryPoint\",\"urlTemplate\":\"http:\/\/matu-design.com\/es\/?s={search_term_string}\"},\"query-input\":{\"@type\":\"PropertyValueSpecification\",\"valueRequired\":true,\"valueName\":\"search_term_string\"}}],\"inLanguage\":\"es\"}]}<\/script>\n<!-- \/ Yoast SEO plugin. -->","yoast_head_json":{"title":"Coming Soon - Matu Design","robots":{"index":"index","follow":"follow","max-snippet":"max-snippet:-1","max-image-preview":"max-image-preview:large","max-video-preview":"max-video-preview:-1"},"canonical":"https:\/\/matu-design.com\/es\/coming-soon\/","og_locale":"es_ES","og_type":"article","og_title":"Coming Soon - Matu Design","og_description":"Coming Back Soon! contact@matu-design.com","og_url":"https:\/\/matu-design.com\/es\/coming-soon\/","og_site_name":"Matu Design","article_modified_time":"2019-09-04T15:47:15+00:00","og_image":[{"width":512,"height":512,"url":"https:\/\/matu-design.com\/wp-content\/uploads\/2019\/09\/M_512x512.jpg","type":"image\/jpeg"}],"twitter_card":"summary_large_image","schema":{"@context":"https:\/\/schema.org","@graph":[{"@type":"WebPage","@id":"https:\/\/matu-design.com\/es\/coming-soon\/","url":"https:\/\/matu-design.com\/es\/coming-soon\/","name":"Coming Soon - Matu Design","isPartOf":{"@id":"http:\/\/matu-design.com\/es\/#website"},"datePublished":"2019-08-09T16:31:09+00:00","dateModified":"2019-09-04T15:47:15+00:00","breadcrumb":{"@id":"https:\/\/matu-design.com\/es\/coming-soon\/#breadcrumb"},"inLanguage":"es","potentialAction":[{"@type":"ReadAction","target":["https:\/\/matu-design.com\/es\/coming-soon\/"]}]},{"@type":"BreadcrumbList","@id":"https:\/\/matu-design.com\/es\/coming-soon\/#breadcrumb","itemListElement":[{"@type":"ListItem","position":1,"name":"Accueil","item":"https:\/\/matu-design.com\/es\/inicio\/"},{"@type":"ListItem","position":2,"name":"Coming Soon"}]},{"@type":"WebSite","@id":"http:\/\/matu-design.com\/es\/#website","url":"http:\/\/matu-design.com\/es\/","name":"Matu Design","description":"Matu - Art Director, Graphic &amp; Motion Designer","alternateName":"Matu, directrice artistique, graphic & motion designer freelance fran\u00e7aise bas\u00e9e \u00e0 Barcelone","potentialAction":[{"@type":"SearchAction","target":{"@type":"EntryPoint","urlTemplate":"http:\/\/matu-design.com\/es\/?s={search_term_string}"},"query-input":{"@type":"PropertyValueSpecification","valueRequired":true,"valueName":"search_term_string"}}],"inLanguage":"es"}]}},"_links":{"self":[{"href":"https:\/\/matu-design.com\/es\/wp-json\/wp\/v2\/pages\/1485"}],"collection":[{"href":"https:\/\/matu-design.com\/es\/wp-json\/wp\/v2\/pages"}],"about":[{"href":"https:\/\/matu-design.com\/es\/wp-json\/wp\/v2\/types\/page"}],"author":[{"embeddable":true,"href":"https:\/\/matu-design.com\/es\/wp-json\/wp\/v2\/users\/1"}],"replies":[{"embeddable":true,"href":"https:\/\/matu-design.com\/es\/wp-json\/wp\/v2\/comments?post=1485"}],"version-history":[{"count":3,"href":"https:\/\/matu-design.com\/es\/wp-json\/wp\/v2\/pages\/1485\/revisions"}],"predecessor-version":[{"id":1488,"href":"https:\/\/matu-design.com\/es\/wp-json\/wp\/v2\/pages\/1485\/revisions\/1488"}],"wp:attachment":[{"href":"https:\/\/matu-design.com\/es\/wp-json\/wp\/v2\/media?parent=1485"}],"curies":[{"name":"wp","href":"https:\/\/api.w.org\/{rel}","templated":true}]}}