{"id":2294,"date":"2019-09-09T16:51:21","date_gmt":"2019-09-09T15:51:21","guid":{"rendered":"http:\/\/matu-design.com\/404-2\/"},"modified":"2019-09-09T16:59:51","modified_gmt":"2019-09-09T15:59:51","slug":"404-es","status":"publish","type":"page","link":"https:\/\/matu-design.com\/es\/404-es\/","title":{"rendered":"404"},"content":{"rendered":"\t\t<div data-elementor-type=\"wp-post\" data-elementor-id=\"2294\" class=\"elementor elementor-2294 elementor-2284\">\n\t\t\t\t\t\t<section class=\"elementor-section elementor-top-section elementor-element elementor-element-6adb8e21 elementor-section-height-full elementor-section-boxed elementor-section-height-default elementor-section-items-middle\" data-id=\"6adb8e21\" data-element_type=\"section\" data-settings=\"{&quot;jet_parallax_layout_list&quot;:[{&quot;jet_parallax_layout_image&quot;:{&quot;url&quot;:&quot;&quot;,&quot;id&quot;:&quot;&quot;,&quot;size&quot;:&quot;&quot;},&quot;_id&quot;:&quot;0133b53&quot;,&quot;jet_parallax_layout_image_tablet&quot;:{&quot;url&quot;:&quot;&quot;,&quot;id&quot;:&quot;&quot;,&quot;size&quot;:&quot;&quot;},&quot;jet_parallax_layout_image_mobile&quot;:{&quot;url&quot;:&quot;&quot;,&quot;id&quot;:&quot;&quot;,&quot;size&quot;:&quot;&quot;},&quot;jet_parallax_layout_speed&quot;:{&quot;unit&quot;:&quot;%&quot;,&quot;size&quot;:50,&quot;sizes&quot;:[]},&quot;jet_parallax_layout_type&quot;:&quot;scroll&quot;,&quot;jet_parallax_layout_z_index&quot;:&quot;&quot;,&quot;jet_parallax_layout_bg_x&quot;:50,&quot;jet_parallax_layout_bg_y&quot;:50,&quot;jet_parallax_layout_bg_size&quot;:&quot;auto&quot;,&quot;jet_parallax_layout_animation_prop&quot;:&quot;transform&quot;,&quot;jet_parallax_layout_on&quot;:[&quot;desktop&quot;,&quot;tablet&quot;],&quot;jet_parallax_layout_direction&quot;:null,&quot;jet_parallax_layout_fx_direction&quot;:null,&quot;jet_parallax_layout_bg_x_tablet&quot;:&quot;&quot;,&quot;jet_parallax_layout_bg_x_mobile&quot;:&quot;&quot;,&quot;jet_parallax_layout_bg_y_tablet&quot;:&quot;&quot;,&quot;jet_parallax_layout_bg_y_mobile&quot;:&quot;&quot;,&quot;jet_parallax_layout_bg_size_tablet&quot;:&quot;&quot;,&quot;jet_parallax_layout_bg_size_mobile&quot;:&quot;&quot;}]}\">\n\t\t\t\t\t\t<div class=\"elementor-container elementor-column-gap-default\">\n\t\t\t\t\t<div class=\"elementor-column elementor-col-100 elementor-top-column elementor-element elementor-element-42c85895\" data-id=\"42c85895\" data-element_type=\"column\">\n\t\t\t<div class=\"elementor-widget-wrap elementor-element-populated\">\n\t\t\t\t\t\t<div class=\"elementor-element elementor-element-91ed45a elementor-widget elementor-widget-heading\" data-id=\"91ed45a\" data-element_type=\"widget\" data-widget_type=\"heading.default\">\n\t\t\t\t<div class=\"elementor-widget-container\">\n\t\t\t<h1 class=\"elementor-heading-title elementor-size-default\">WHOOPSY\u202f!<\/h1>\t\t<\/div>\n\t\t\t\t<\/div>\n\t\t\t\t<div class=\"elementor-element elementor-element-112763bc elementor-widget elementor-widget-text-editor\" data-id=\"112763bc\" data-element_type=\"widget\" data-widget_type=\"text-editor.default\">\n\t\t\t\t<div class=\"elementor-widget-container\">\n\t\t\t\t\t\t\t<p><span style=\"font-family: 'Fira Mono';\">Parece que no se encontr\u00f3 nada en esta ubicaci\u00f3n.<\/span><\/p>\n\t\t\t\t\t\t<\/div>\n\t\t\t\t<\/div>\n\t\t\t\t<div class=\"elementor-element elementor-element-8304f82 elementor-widget elementor-widget-jet-button\" data-id=\"8304f82\" data-element_type=\"widget\" data-widget_type=\"jet-button.default\">\n\t\t\t\t<div class=\"elementor-widget-container\">\n\t\t\t<div class=\"elementor-jet-button jet-elements\"><div class=\"jet-button__container\">\n\t<a class=\"jet-button__instance jet-button__instance--icon-left hover-effect-0\" href=\"https:\/\/matu-design.com\/es\/\">\n\t\t<div class=\"jet-button__plane jet-button__plane-normal\"><\/div>\n\t\t<div class=\"jet-button__plane jet-button__plane-hover\"><\/div>\n\t\t<div class=\"jet-button__state jet-button__state-normal\">\n\t\t\t<span class=\"jet-button__icon jet-elements-icon\"><svg aria-hidden=\"true\" class=\"e-font-icon-svg e-fas-home\" viewBox=\"0 0 576 512\" xmlns=\"http:\/\/www.w3.org\/2000\/svg\"><path d=\"M280.37 148.26L96 300.11V464a16 16 0 0 0 16 16l112.06-.29a16 16 0 0 0 15.92-16V368a16 16 0 0 1 16-16h64a16 16 0 0 1 16 16v95.64a16 16 0 0 0 16 16.05L464 480a16 16 0 0 0 16-16V300L295.67 148.26a12.19 12.19 0 0 0-15.3 0zM571.6 251.47L488 182.56V44.05a12 12 0 0 0-12-12h-56a12 12 0 0 0-12 12v72.61L318.47 43a48 48 0 0 0-61 0L4.34 251.47a12 12 0 0 0-1.6 16.9l25.5 31A12 12 0 0 0 45.15 301l235.22-193.74a12.19 12.19 0 0 1 15.3 0L530.9 301a12 12 0 0 0 16.9-1.6l25.5-31a12 12 0 0 0-1.7-16.93z\"><\/path><\/svg><\/span>\t\t<\/div>\n\t\t<div class=\"jet-button__state jet-button__state-hover\">\n\t\t\t<span class=\"jet-button__label\">GO!<\/span>\t\t<\/div>\n\t<\/a>\n<\/div>\n<\/div>\t\t<\/div>\n\t\t\t\t<\/div>\n\t\t\t\t\t<\/div>\n\t\t<\/div>\n\t\t\t\t\t<\/div>\n\t\t<\/section>\n\t\t\t\t<\/div>\n\t\t","protected":false},"excerpt":{"rendered":"<p>WHOOPSY\u202f! Parece que no se encontr\u00f3 nada en esta ubicaci\u00f3n. GO!<\/p>\n","protected":false},"author":1,"featured_media":0,"parent":0,"menu_order":0,"comment_status":"closed","ping_status":"closed","template":"elementor_header_footer","meta":{"_acf_changed":false,"footnotes":""},"class_list":["post-2294","page","type-page","status-publish","hentry"],"acf":[],"yoast_head":"<!-- This site is optimized with the Yoast SEO plugin v23.8 - https:\/\/yoast.com\/wordpress\/plugins\/seo\/ -->\n<title>404 - Matu Design<\/title>\n<meta name=\"robots\" content=\"index, follow, max-snippet:-1, max-image-preview:large, max-video-preview:-1\" \/>\n<link rel=\"canonical\" href=\"https:\/\/matu-design.com\/es\/404-es\/\" \/>\n<meta property=\"og:locale\" content=\"es_ES\" \/>\n<meta property=\"og:type\" content=\"article\" \/>\n<meta property=\"og:title\" content=\"404 - Matu Design\" \/>\n<meta property=\"og:description\" content=\"WHOOPSY\u202f! Parece que no se encontr\u00f3 nada en esta ubicaci\u00f3n. GO!\" \/>\n<meta property=\"og:url\" content=\"https:\/\/matu-design.com\/es\/404-es\/\" \/>\n<meta property=\"og:site_name\" content=\"Matu Design\" \/>\n<meta property=\"article:modified_time\" content=\"2019-09-09T15:59:51+00:00\" \/>\n<meta property=\"og:image\" content=\"https:\/\/matu-design.com\/wp-content\/uploads\/2019\/09\/M_512x512.jpg\" \/>\n\t<meta property=\"og:image:width\" content=\"512\" \/>\n\t<meta property=\"og:image:height\" content=\"512\" \/>\n\t<meta property=\"og:image:type\" content=\"image\/jpeg\" \/>\n<meta name=\"twitter:card\" content=\"summary_large_image\" \/>\n<script type=\"application\/ld+json\" class=\"yoast-schema-graph\">{\"@context\":\"https:\/\/schema.org\",\"@graph\":[{\"@type\":\"WebPage\",\"@id\":\"https:\/\/matu-design.com\/es\/404-es\/\",\"url\":\"https:\/\/matu-design.com\/es\/404-es\/\",\"name\":\"404 - Matu Design\",\"isPartOf\":{\"@id\":\"http:\/\/matu-design.com\/es\/#website\"},\"datePublished\":\"2019-09-09T15:51:21+00:00\",\"dateModified\":\"2019-09-09T15:59:51+00:00\",\"breadcrumb\":{\"@id\":\"https:\/\/matu-design.com\/es\/404-es\/#breadcrumb\"},\"inLanguage\":\"es\",\"potentialAction\":[{\"@type\":\"ReadAction\",\"target\":[\"https:\/\/matu-design.com\/es\/404-es\/\"]}]},{\"@type\":\"BreadcrumbList\",\"@id\":\"https:\/\/matu-design.com\/es\/404-es\/#breadcrumb\",\"itemListElement\":[{\"@type\":\"ListItem\",\"position\":1,\"name\":\"Accueil\",\"item\":\"https:\/\/matu-design.com\/es\/inicio\/\"},{\"@type\":\"ListItem\",\"position\":2,\"name\":\"404\"}]},{\"@type\":\"WebSite\",\"@id\":\"http:\/\/matu-design.com\/es\/#website\",\"url\":\"http:\/\/matu-design.com\/es\/\",\"name\":\"Matu Design\",\"description\":\"Matu - Art Director, Graphic &amp; Motion Designer\",\"alternateName\":\"Matu, directrice artistique, graphic & motion designer freelance fran\u00e7aise bas\u00e9e \u00e0 Barcelone\",\"potentialAction\":[{\"@type\":\"SearchAction\",\"target\":{\"@type\":\"EntryPoint\",\"urlTemplate\":\"http:\/\/matu-design.com\/es\/?s={search_term_string}\"},\"query-input\":{\"@type\":\"PropertyValueSpecification\",\"valueRequired\":true,\"valueName\":\"search_term_string\"}}],\"inLanguage\":\"es\"}]}<\/script>\n<!-- \/ Yoast SEO plugin. -->","yoast_head_json":{"title":"404 - Matu Design","robots":{"index":"index","follow":"follow","max-snippet":"max-snippet:-1","max-image-preview":"max-image-preview:large","max-video-preview":"max-video-preview:-1"},"canonical":"https:\/\/matu-design.com\/es\/404-es\/","og_locale":"es_ES","og_type":"article","og_title":"404 - Matu Design","og_description":"WHOOPSY\u202f! Parece que no se encontr\u00f3 nada en esta ubicaci\u00f3n. GO!","og_url":"https:\/\/matu-design.com\/es\/404-es\/","og_site_name":"Matu Design","article_modified_time":"2019-09-09T15:59:51+00:00","og_image":[{"width":512,"height":512,"url":"https:\/\/matu-design.com\/wp-content\/uploads\/2019\/09\/M_512x512.jpg","type":"image\/jpeg"}],"twitter_card":"summary_large_image","schema":{"@context":"https:\/\/schema.org","@graph":[{"@type":"WebPage","@id":"https:\/\/matu-design.com\/es\/404-es\/","url":"https:\/\/matu-design.com\/es\/404-es\/","name":"404 - Matu Design","isPartOf":{"@id":"http:\/\/matu-design.com\/es\/#website"},"datePublished":"2019-09-09T15:51:21+00:00","dateModified":"2019-09-09T15:59:51+00:00","breadcrumb":{"@id":"https:\/\/matu-design.com\/es\/404-es\/#breadcrumb"},"inLanguage":"es","potentialAction":[{"@type":"ReadAction","target":["https:\/\/matu-design.com\/es\/404-es\/"]}]},{"@type":"BreadcrumbList","@id":"https:\/\/matu-design.com\/es\/404-es\/#breadcrumb","itemListElement":[{"@type":"ListItem","position":1,"name":"Accueil","item":"https:\/\/matu-design.com\/es\/inicio\/"},{"@type":"ListItem","position":2,"name":"404"}]},{"@type":"WebSite","@id":"http:\/\/matu-design.com\/es\/#website","url":"http:\/\/matu-design.com\/es\/","name":"Matu Design","description":"Matu - Art Director, Graphic &amp; Motion Designer","alternateName":"Matu, directrice artistique, graphic & motion designer freelance fran\u00e7aise bas\u00e9e \u00e0 Barcelone","potentialAction":[{"@type":"SearchAction","target":{"@type":"EntryPoint","urlTemplate":"http:\/\/matu-design.com\/es\/?s={search_term_string}"},"query-input":{"@type":"PropertyValueSpecification","valueRequired":true,"valueName":"search_term_string"}}],"inLanguage":"es"}]}},"_links":{"self":[{"href":"https:\/\/matu-design.com\/es\/wp-json\/wp\/v2\/pages\/2294"}],"collection":[{"href":"https:\/\/matu-design.com\/es\/wp-json\/wp\/v2\/pages"}],"about":[{"href":"https:\/\/matu-design.com\/es\/wp-json\/wp\/v2\/types\/page"}],"author":[{"embeddable":true,"href":"https:\/\/matu-design.com\/es\/wp-json\/wp\/v2\/users\/1"}],"replies":[{"embeddable":true,"href":"https:\/\/matu-design.com\/es\/wp-json\/wp\/v2\/comments?post=2294"}],"version-history":[{"count":3,"href":"https:\/\/matu-design.com\/es\/wp-json\/wp\/v2\/pages\/2294\/revisions"}],"predecessor-version":[{"id":2299,"href":"https:\/\/matu-design.com\/es\/wp-json\/wp\/v2\/pages\/2294\/revisions\/2299"}],"wp:attachment":[{"href":"https:\/\/matu-design.com\/es\/wp-json\/wp\/v2\/media?parent=2294"}],"curies":[{"name":"wp","href":"https:\/\/api.w.org\/{rel}","templated":true}]}}